{"id":1621,"date":"2024-05-09T09:06:52","date_gmt":"2024-05-09T07:06:52","guid":{"rendered":"https:\/\/zagoramizalasami.com\/?page_id=1621"},"modified":"2025-03-04T10:26:30","modified_gmt":"2025-03-04T09:26:30","slug":"blog","status":"publish","type":"page","link":"https:\/\/zagoramizalasami.com\/cz\/blog\/","title":{"rendered":"Blog"},"content":{"rendered":"","protected":false},"excerpt":{"rendered":"","protected":false},"author":3,"featured_media":1659,"parent":0,"menu_order":0,"comment_status":"closed","ping_status":"closed","template":"","meta":{"_acf_changed":false,"om_disable_all_campaigns":false,"inline_featured_image":false,"_monsterinsights_skip_tracking":false,"_monsterinsights_sitenote_active":false,"_monsterinsights_sitenote_note":"","_monsterinsights_sitenote_category":0,"_uf_show_specific_survey":0,"_uf_disable_surveys":false,"footnotes":""},"class_list":["post-1621","page","type-page","status-publish","has-post-thumbnail","hentry"],"acf":[],"yoast_head":"<!-- This site is optimized with the Yoast SEO plugin v27.1.1 - https:\/\/yoast.com\/product\/yoast-seo-wordpress\/ -->\n<title>Blog: domki w Masywie \u015anie\u017cnika | Zagoramizalasami.com<\/title>\n<meta name=\"description\" content=\"Domki na wynajem w Masywie \u015anie\u017cnika: najlepsze trasy i lokalne atrakcje. Praktyczne porady dla mi\u0142o\u015bnik\u00f3w g\u00f3r Ziemi K\u0142odzkiej.\" \/>\n<meta name=\"robots\" content=\"index, follow, max-snippet:-1, max-image-preview:large, max-video-preview:-1\" \/>\n<link rel=\"canonical\" href=\"https:\/\/zagoramizalasami.com\/cz\/blog\/\" \/>\n<meta property=\"og:locale\" content=\"cs_CZ\" \/>\n<meta property=\"og:type\" content=\"article\" \/>\n<meta property=\"og:title\" content=\"Blog: domki w Masywie \u015anie\u017cnika | Zagoramizalasami.com\" \/>\n<meta property=\"og:description\" content=\"Domki na wynajem w Masywie \u015anie\u017cnika: najlepsze trasy i lokalne atrakcje. Praktyczne porady dla mi\u0142o\u015bnik\u00f3w g\u00f3r Ziemi K\u0142odzkiej.\" \/>\n<meta property=\"og:url\" content=\"https:\/\/zagoramizalasami.com\/cz\/blog\/\" \/>\n<meta property=\"og:site_name\" content=\"Za g\u00f3rami za lasami\" \/>\n<meta property=\"article:modified_time\" content=\"2025-03-04T09:26:30+00:00\" \/>\n<meta property=\"og:image\" content=\"https:\/\/zagoramizalasami.com\/wp-content\/uploads\/2024\/07\/rodzinne-wakacje-w-masywie-snieznika.webp\" \/>\n\t<meta property=\"og:image:width\" content=\"1800\" \/>\n\t<meta property=\"og:image:height\" content=\"1200\" \/>\n\t<meta property=\"og:image:type\" content=\"image\/webp\" \/>\n<meta name=\"twitter:card\" content=\"summary_large_image\" \/>\n<meta name=\"twitter:label1\" content=\"Odhadovan\u00e1 doba \u010dten\u00ed\" \/>\n\t<meta name=\"twitter:data1\" content=\"11 minut\" \/>\n<script type=\"application\/ld+json\" class=\"yoast-schema-graph\">{\"@context\":\"https:\/\/schema.org\",\"@graph\":[{\"@type\":\"WebPage\",\"@id\":\"https:\/\/zagoramizalasami.com\/blog\/\",\"url\":\"https:\/\/zagoramizalasami.com\/blog\/\",\"name\":\"Blog: domki w Masywie \u015anie\u017cnika | Zagoramizalasami.com\",\"isPartOf\":{\"@id\":\"https:\/\/zagoramizalasami.com\/#website\"},\"primaryImageOfPage\":{\"@id\":\"https:\/\/zagoramizalasami.com\/blog\/#primaryimage\"},\"image\":{\"@id\":\"https:\/\/zagoramizalasami.com\/blog\/#primaryimage\"},\"thumbnailUrl\":\"https:\/\/zagoramizalasami.com\/wp-content\/uploads\/2024\/07\/rodzinne-wakacje-w-masywie-snieznika.webp\",\"datePublished\":\"2024-05-09T07:06:52+00:00\",\"dateModified\":\"2025-03-04T09:26:30+00:00\",\"description\":\"Domki na wynajem w Masywie \u015anie\u017cnika: najlepsze trasy i lokalne atrakcje. Praktyczne porady dla mi\u0142o\u015bnik\u00f3w g\u00f3r Ziemi K\u0142odzkiej.\",\"breadcrumb\":{\"@id\":\"https:\/\/zagoramizalasami.com\/blog\/#breadcrumb\"},\"inLanguage\":\"cs\",\"potentialAction\":[{\"@type\":\"ReadAction\",\"target\":[\"https:\/\/zagoramizalasami.com\/blog\/\"]}]},{\"@type\":\"ImageObject\",\"inLanguage\":\"cs\",\"@id\":\"https:\/\/zagoramizalasami.com\/blog\/#primaryimage\",\"url\":\"https:\/\/zagoramizalasami.com\/wp-content\/uploads\/2024\/07\/rodzinne-wakacje-w-masywie-snieznika.webp\",\"contentUrl\":\"https:\/\/zagoramizalasami.com\/wp-content\/uploads\/2024\/07\/rodzinne-wakacje-w-masywie-snieznika.webp\",\"width\":1800,\"height\":1200,\"caption\":\"rodzinne wakacje w Masywie \u015anie\u017cnika\"},{\"@type\":\"BreadcrumbList\",\"@id\":\"https:\/\/zagoramizalasami.com\/blog\/#breadcrumb\",\"itemListElement\":[{\"@type\":\"ListItem\",\"position\":1,\"name\":\"Strona g\u0142\u00f3wna\",\"item\":\"https:\/\/zagoramizalasami.com\/\"},{\"@type\":\"ListItem\",\"position\":2,\"name\":\"Blog\"}]},{\"@type\":\"WebSite\",\"@id\":\"https:\/\/zagoramizalasami.com\/#website\",\"url\":\"https:\/\/zagoramizalasami.com\/\",\"name\":\"Za g\u00f3rami za lasami\",\"description\":\"Domki w g\u00f3rach na wynajem\",\"potentialAction\":[{\"@type\":\"SearchAction\",\"target\":{\"@type\":\"EntryPoint\",\"urlTemplate\":\"https:\/\/zagoramizalasami.com\/?s={search_term_string}\"},\"query-input\":{\"@type\":\"PropertyValueSpecification\",\"valueRequired\":true,\"valueName\":\"search_term_string\"}}],\"inLanguage\":\"cs\"}]}<\/script>\n<!-- \/ Yoast SEO plugin. -->","yoast_head_json":{"title":"Blog: domki w Masywie \u015anie\u017cnika | Zagoramizalasami.com","description":"Domki na wynajem w Masywie \u015anie\u017cnika: najlepsze trasy i lokalne atrakcje. Praktyczne porady dla mi\u0142o\u015bnik\u00f3w g\u00f3r Ziemi K\u0142odzkiej.","robots":{"index":"index","follow":"follow","max-snippet":"max-snippet:-1","max-image-preview":"max-image-preview:large","max-video-preview":"max-video-preview:-1"},"canonical":"https:\/\/zagoramizalasami.com\/cz\/blog\/","og_locale":"cs_CZ","og_type":"article","og_title":"Blog: domki w Masywie \u015anie\u017cnika | Zagoramizalasami.com","og_description":"Domki na wynajem w Masywie \u015anie\u017cnika: najlepsze trasy i lokalne atrakcje. Praktyczne porady dla mi\u0142o\u015bnik\u00f3w g\u00f3r Ziemi K\u0142odzkiej.","og_url":"https:\/\/zagoramizalasami.com\/cz\/blog\/","og_site_name":"Za g\u00f3rami za lasami","article_modified_time":"2025-03-04T09:26:30+00:00","og_image":[{"width":1800,"height":1200,"url":"https:\/\/zagoramizalasami.com\/wp-content\/uploads\/2024\/07\/rodzinne-wakacje-w-masywie-snieznika.webp","type":"image\/webp"}],"twitter_card":"summary_large_image","twitter_misc":{"Odhadovan\u00e1 doba \u010dten\u00ed":"11 minut"},"schema":{"@context":"https:\/\/schema.org","@graph":[{"@type":"WebPage","@id":"https:\/\/zagoramizalasami.com\/blog\/","url":"https:\/\/zagoramizalasami.com\/blog\/","name":"Blog: domki w Masywie \u015anie\u017cnika | Zagoramizalasami.com","isPartOf":{"@id":"https:\/\/zagoramizalasami.com\/#website"},"primaryImageOfPage":{"@id":"https:\/\/zagoramizalasami.com\/blog\/#primaryimage"},"image":{"@id":"https:\/\/zagoramizalasami.com\/blog\/#primaryimage"},"thumbnailUrl":"https:\/\/zagoramizalasami.com\/wp-content\/uploads\/2024\/07\/rodzinne-wakacje-w-masywie-snieznika.webp","datePublished":"2024-05-09T07:06:52+00:00","dateModified":"2025-03-04T09:26:30+00:00","description":"Domki na wynajem w Masywie \u015anie\u017cnika: najlepsze trasy i lokalne atrakcje. Praktyczne porady dla mi\u0142o\u015bnik\u00f3w g\u00f3r Ziemi K\u0142odzkiej.","breadcrumb":{"@id":"https:\/\/zagoramizalasami.com\/blog\/#breadcrumb"},"inLanguage":"cs","potentialAction":[{"@type":"ReadAction","target":["https:\/\/zagoramizalasami.com\/blog\/"]}]},{"@type":"ImageObject","inLanguage":"cs","@id":"https:\/\/zagoramizalasami.com\/blog\/#primaryimage","url":"https:\/\/zagoramizalasami.com\/wp-content\/uploads\/2024\/07\/rodzinne-wakacje-w-masywie-snieznika.webp","contentUrl":"https:\/\/zagoramizalasami.com\/wp-content\/uploads\/2024\/07\/rodzinne-wakacje-w-masywie-snieznika.webp","width":1800,"height":1200,"caption":"rodzinne wakacje w Masywie \u015anie\u017cnika"},{"@type":"BreadcrumbList","@id":"https:\/\/zagoramizalasami.com\/blog\/#breadcrumb","itemListElement":[{"@type":"ListItem","position":1,"name":"Strona g\u0142\u00f3wna","item":"https:\/\/zagoramizalasami.com\/"},{"@type":"ListItem","position":2,"name":"Blog"}]},{"@type":"WebSite","@id":"https:\/\/zagoramizalasami.com\/#website","url":"https:\/\/zagoramizalasami.com\/","name":"Za g\u00f3rami za lasami","description":"Horsk\u00e9 chaty k pron\u00e1jmu","potentialAction":[{"@type":"SearchAction","target":{"@type":"EntryPoint","urlTemplate":"https:\/\/zagoramizalasami.com\/?s={search_term_string}"},"query-input":{"@type":"PropertyValueSpecification","valueRequired":true,"valueName":"search_term_string"}}],"inLanguage":"cs"}]}},"_links":{"self":[{"href":"https:\/\/zagoramizalasami.com\/cz\/wp-json\/wp\/v2\/pages\/1621","targetHints":{"allow":["GET"]}}],"collection":[{"href":"https:\/\/zagoramizalasami.com\/cz\/wp-json\/wp\/v2\/pages"}],"about":[{"href":"https:\/\/zagoramizalasami.com\/cz\/wp-json\/wp\/v2\/types\/page"}],"author":[{"embeddable":true,"href":"https:\/\/zagoramizalasami.com\/cz\/wp-json\/wp\/v2\/users\/3"}],"replies":[{"embeddable":true,"href":"https:\/\/zagoramizalasami.com\/cz\/wp-json\/wp\/v2\/comments?post=1621"}],"version-history":[{"count":5,"href":"https:\/\/zagoramizalasami.com\/cz\/wp-json\/wp\/v2\/pages\/1621\/revisions"}],"predecessor-version":[{"id":1979,"href":"https:\/\/zagoramizalasami.com\/cz\/wp-json\/wp\/v2\/pages\/1621\/revisions\/1979"}],"wp:featuredmedia":[{"embeddable":true,"href":"https:\/\/zagoramizalasami.com\/cz\/wp-json\/wp\/v2\/media\/1659"}],"wp:attachment":[{"href":"https:\/\/zagoramizalasami.com\/cz\/wp-json\/wp\/v2\/media?parent=1621"}],"curies":[{"name":"wp","href":"https:\/\/api.w.org\/{rel}","templated":true}]}}