{"id":1945,"date":"2025-01-28T15:07:33","date_gmt":"2025-01-28T14:07:33","guid":{"rendered":"https:\/\/zagoramizalasami.com\/?page_id=1945"},"modified":"2025-01-28T15:12:55","modified_gmt":"2025-01-28T14:12:55","slug":"domek-swietlikow","status":"publish","type":"page","link":"https:\/\/zagoramizalasami.com\/cz\/domek-swietlikow\/","title":{"rendered":"D\u016fm sv\u011btlu\u0161ek"},"content":{"rendered":"","protected":false},"excerpt":{"rendered":"","protected":false},"author":3,"featured_media":1948,"parent":0,"menu_order":0,"comment_status":"closed","ping_status":"closed","template":"","meta":{"_acf_changed":false,"om_disable_all_campaigns":false,"inline_featured_image":false,"_monsterinsights_skip_tracking":false,"_monsterinsights_sitenote_active":false,"_monsterinsights_sitenote_note":"","_monsterinsights_sitenote_category":0,"_uf_show_specific_survey":0,"_uf_disable_surveys":false,"footnotes":""},"class_list":["post-1945","page","type-page","status-publish","has-post-thumbnail","hentry"],"acf":[],"yoast_head":"<!-- This site is optimized with the Yoast SEO plugin v27.4 - https:\/\/yoast.com\/product\/yoast-seo-wordpress\/ -->\n<title>Domek \u015awietlik\u00f3w - Za g\u00f3rami za lasami<\/title>\n<meta name=\"description\" content=\"Nasza osada to 6 luksusowych\/komfortowych domk\u00f3w, ale nie obawiaj si\u0119, b\u0119dziesz mia\u0142 u nas bardzo du\u017c\u0105 swobod\u0119 i prywatno\u015b\u0107 i intymno\u015b\u0107. Za g\u00f3rami za lasami\u201d stworzyli\u015bmy z mi\u0142o\u015bci do g\u00f3r, porank\u00f3w z widokami na szczyty i pasji do w\u0119dr\u00f3wek oraz jazdy na rowerze. Je\u015bli wa\u017cne jest dla Ciebie zanurzenie si\u0119 w\u015br\u00f3d natury, ale jednocze\u015bnie szukasz miejsca, kt\u00f3re zapewni Ci dost\u0119p do takich atrakcji jak trasy trekkingowe, drogi rowerowe czy wyci\u0105gi narciarskie, to nasze miejsce jest dla Ciebie. Nasze miejsce jest zar\u00f3wno dla rodzin z dzie\u0107mi, grupy przyjaci\u00f3\u0142 czy singli, o ile tylko cenisz natur\u0119 i spok\u00f3j.\" \/>\n<meta name=\"robots\" content=\"index, follow, max-snippet:-1, max-image-preview:large, max-video-preview:-1\" \/>\n<link rel=\"canonical\" href=\"https:\/\/zagoramizalasami.com\/cz\/domek-swietlikow\/\" \/>\n<meta property=\"og:locale\" content=\"cs_CZ\" \/>\n<meta property=\"og:type\" content=\"article\" \/>\n<meta property=\"og:title\" content=\"Domek \u015awietlik\u00f3w - Za g\u00f3rami za lasami\" \/>\n<meta property=\"og:description\" content=\"Nasza osada to 6 luksusowych\/komfortowych domk\u00f3w, ale nie obawiaj si\u0119, b\u0119dziesz mia\u0142 u nas bardzo du\u017c\u0105 swobod\u0119 i prywatno\u015b\u0107 i intymno\u015b\u0107. Za g\u00f3rami za lasami\u201d stworzyli\u015bmy z mi\u0142o\u015bci do g\u00f3r, porank\u00f3w z widokami na szczyty i pasji do w\u0119dr\u00f3wek oraz jazdy na rowerze. Je\u015bli wa\u017cne jest dla Ciebie zanurzenie si\u0119 w\u015br\u00f3d natury, ale jednocze\u015bnie szukasz miejsca, kt\u00f3re zapewni Ci dost\u0119p do takich atrakcji jak trasy trekkingowe, drogi rowerowe czy wyci\u0105gi narciarskie, to nasze miejsce jest dla Ciebie. Nasze miejsce jest zar\u00f3wno dla rodzin z dzie\u0107mi, grupy przyjaci\u00f3\u0142 czy singli, o ile tylko cenisz natur\u0119 i spok\u00f3j.\" \/>\n<meta property=\"og:url\" content=\"https:\/\/zagoramizalasami.com\/cz\/domek-swietlikow\/\" \/>\n<meta property=\"og:site_name\" content=\"Za g\u00f3rami za lasami\" \/>\n<meta property=\"article:modified_time\" content=\"2025-01-28T14:12:55+00:00\" \/>\n<meta property=\"og:image\" content=\"https:\/\/zagoramizalasami.com\/wp-content\/uploads\/2025\/01\/20250113_131951.jpg\" \/>\n\t<meta property=\"og:image:width\" content=\"810\" \/>\n\t<meta property=\"og:image:height\" content=\"1080\" \/>\n\t<meta property=\"og:image:type\" content=\"image\/jpeg\" \/>\n<meta name=\"twitter:card\" content=\"summary_large_image\" \/>\n<meta name=\"twitter:label1\" content=\"Odhadovan\u00e1 doba \u010dten\u00ed\" \/>\n\t<meta name=\"twitter:data1\" content=\"2 minuty\" \/>\n<script type=\"application\/ld+json\" class=\"yoast-schema-graph\">{\"@context\":\"https:\\\/\\\/schema.org\",\"@graph\":[{\"@type\":\"WebPage\",\"@id\":\"https:\\\/\\\/zagoramizalasami.com\\\/domek-swietlikow\\\/\",\"url\":\"https:\\\/\\\/zagoramizalasami.com\\\/domek-swietlikow\\\/\",\"name\":\"Domek \u015awietlik\u00f3w - Za g\u00f3rami za lasami\",\"isPartOf\":{\"@id\":\"https:\\\/\\\/zagoramizalasami.com\\\/#website\"},\"primaryImageOfPage\":{\"@id\":\"https:\\\/\\\/zagoramizalasami.com\\\/domek-swietlikow\\\/#primaryimage\"},\"image\":{\"@id\":\"https:\\\/\\\/zagoramizalasami.com\\\/domek-swietlikow\\\/#primaryimage\"},\"thumbnailUrl\":\"https:\\\/\\\/zagoramizalasami.com\\\/wp-content\\\/uploads\\\/2025\\\/01\\\/20250113_131951.jpg\",\"datePublished\":\"2025-01-28T14:07:33+00:00\",\"dateModified\":\"2025-01-28T14:12:55+00:00\",\"description\":\"Nasza osada to 6 luksusowych\\\/komfortowych domk\u00f3w, ale nie obawiaj si\u0119, b\u0119dziesz mia\u0142 u nas bardzo du\u017c\u0105 swobod\u0119 i prywatno\u015b\u0107 i intymno\u015b\u0107. Za g\u00f3rami za lasami\u201d stworzyli\u015bmy z mi\u0142o\u015bci do g\u00f3r, porank\u00f3w z widokami na szczyty i pasji do w\u0119dr\u00f3wek oraz jazdy na rowerze. Je\u015bli wa\u017cne jest dla Ciebie zanurzenie si\u0119 w\u015br\u00f3d natury, ale jednocze\u015bnie szukasz miejsca, kt\u00f3re zapewni Ci dost\u0119p do takich atrakcji jak trasy trekkingowe, drogi rowerowe czy wyci\u0105gi narciarskie, to nasze miejsce jest dla Ciebie. Nasze miejsce jest zar\u00f3wno dla rodzin z dzie\u0107mi, grupy przyjaci\u00f3\u0142 czy singli, o ile tylko cenisz natur\u0119 i spok\u00f3j.\",\"breadcrumb\":{\"@id\":\"https:\\\/\\\/zagoramizalasami.com\\\/domek-swietlikow\\\/#breadcrumb\"},\"inLanguage\":\"cs\",\"potentialAction\":[{\"@type\":\"ReadAction\",\"target\":[\"https:\\\/\\\/zagoramizalasami.com\\\/domek-swietlikow\\\/\"]}]},{\"@type\":\"ImageObject\",\"inLanguage\":\"cs\",\"@id\":\"https:\\\/\\\/zagoramizalasami.com\\\/domek-swietlikow\\\/#primaryimage\",\"url\":\"https:\\\/\\\/zagoramizalasami.com\\\/wp-content\\\/uploads\\\/2025\\\/01\\\/20250113_131951.jpg\",\"contentUrl\":\"https:\\\/\\\/zagoramizalasami.com\\\/wp-content\\\/uploads\\\/2025\\\/01\\\/20250113_131951.jpg\",\"width\":810,\"height\":1080},{\"@type\":\"BreadcrumbList\",\"@id\":\"https:\\\/\\\/zagoramizalasami.com\\\/domek-swietlikow\\\/#breadcrumb\",\"itemListElement\":[{\"@type\":\"ListItem\",\"position\":1,\"name\":\"Strona g\u0142\u00f3wna\",\"item\":\"https:\\\/\\\/zagoramizalasami.com\\\/\"},{\"@type\":\"ListItem\",\"position\":2,\"name\":\"Domek \u015awietlik\u00f3w\"}]},{\"@type\":\"WebSite\",\"@id\":\"https:\\\/\\\/zagoramizalasami.com\\\/#website\",\"url\":\"https:\\\/\\\/zagoramizalasami.com\\\/\",\"name\":\"Za g\u00f3rami za lasami\",\"description\":\"Domki w g\u00f3rach na wynajem\",\"potentialAction\":[{\"@type\":\"SearchAction\",\"target\":{\"@type\":\"EntryPoint\",\"urlTemplate\":\"https:\\\/\\\/zagoramizalasami.com\\\/?s={search_term_string}\"},\"query-input\":{\"@type\":\"PropertyValueSpecification\",\"valueRequired\":true,\"valueName\":\"search_term_string\"}}],\"inLanguage\":\"cs\"}]}<\/script>\n<!-- \/ Yoast SEO plugin. -->","yoast_head_json":{"title":"D\u016fm sv\u011btlu\u0161ek - Za horami, za lesy","description":"Na\u0161e osada se skl\u00e1d\u00e1 ze \u0161esti luxusn\u00edch\/pohodln\u00fdch chat, ale nebojte se, budete m\u00edt spoustu svobody, soukrom\u00ed a intimity. \u201dZa g\u00f3rami za lasami\u201c jsme vytvo\u0159ili z l\u00e1sky k hor\u00e1m, r\u00e1n\u016fm s v\u00fdhledy na vrcholky hor a v\u00e1\u0161ni pro turistiku a cyklistiku. Pokud je pro v\u00e1s d\u016fle\u017eit\u00e9 pono\u0159en\u00ed se do p\u0159\u00edrody, ale z\u00e1rove\u0148 hled\u00e1te m\u00edsto s p\u0159\u00edstupem k atrakc\u00edm, jako jsou turistick\u00e9 stezky, cyklostezky a ly\u017ea\u0159sk\u00e9 vleky, pak je na\u0161e m\u00edsto pro v\u00e1s. Na\u0161e m\u00edsto je vhodn\u00e9 pro rodiny s d\u011btmi, skupiny p\u0159\u00e1tel nebo jednotlivce, pokud si cen\u00edte p\u0159\u00edrody a klidu.","robots":{"index":"index","follow":"follow","max-snippet":"max-snippet:-1","max-image-preview":"max-image-preview:large","max-video-preview":"max-video-preview:-1"},"canonical":"https:\/\/zagoramizalasami.com\/cz\/domek-swietlikow\/","og_locale":"cs_CZ","og_type":"article","og_title":"Domek \u015awietlik\u00f3w - Za g\u00f3rami za lasami","og_description":"Nasza osada to 6 luksusowych\/komfortowych domk\u00f3w, ale nie obawiaj si\u0119, b\u0119dziesz mia\u0142 u nas bardzo du\u017c\u0105 swobod\u0119 i prywatno\u015b\u0107 i intymno\u015b\u0107. Za g\u00f3rami za lasami\u201d stworzyli\u015bmy z mi\u0142o\u015bci do g\u00f3r, porank\u00f3w z widokami na szczyty i pasji do w\u0119dr\u00f3wek oraz jazdy na rowerze. Je\u015bli wa\u017cne jest dla Ciebie zanurzenie si\u0119 w\u015br\u00f3d natury, ale jednocze\u015bnie szukasz miejsca, kt\u00f3re zapewni Ci dost\u0119p do takich atrakcji jak trasy trekkingowe, drogi rowerowe czy wyci\u0105gi narciarskie, to nasze miejsce jest dla Ciebie. Nasze miejsce jest zar\u00f3wno dla rodzin z dzie\u0107mi, grupy przyjaci\u00f3\u0142 czy singli, o ile tylko cenisz natur\u0119 i spok\u00f3j.","og_url":"https:\/\/zagoramizalasami.com\/cz\/domek-swietlikow\/","og_site_name":"Za g\u00f3rami za lasami","article_modified_time":"2025-01-28T14:12:55+00:00","og_image":[{"width":810,"height":1080,"url":"https:\/\/zagoramizalasami.com\/wp-content\/uploads\/2025\/01\/20250113_131951.jpg","type":"image\/jpeg"}],"twitter_card":"summary_large_image","twitter_misc":{"Odhadovan\u00e1 doba \u010dten\u00ed":"2 minuty"},"schema":{"@context":"https:\/\/schema.org","@graph":[{"@type":"WebPage","@id":"https:\/\/zagoramizalasami.com\/domek-swietlikow\/","url":"https:\/\/zagoramizalasami.com\/domek-swietlikow\/","name":"D\u016fm sv\u011btlu\u0161ek - Za horami, za lesy","isPartOf":{"@id":"https:\/\/zagoramizalasami.com\/#website"},"primaryImageOfPage":{"@id":"https:\/\/zagoramizalasami.com\/domek-swietlikow\/#primaryimage"},"image":{"@id":"https:\/\/zagoramizalasami.com\/domek-swietlikow\/#primaryimage"},"thumbnailUrl":"https:\/\/zagoramizalasami.com\/wp-content\/uploads\/2025\/01\/20250113_131951.jpg","datePublished":"2025-01-28T14:07:33+00:00","dateModified":"2025-01-28T14:12:55+00:00","description":"Na\u0161e osada se skl\u00e1d\u00e1 ze \u0161esti luxusn\u00edch\/pohodln\u00fdch chat, ale nebojte se, budete m\u00edt spoustu svobody, soukrom\u00ed a intimity. \u201dZa g\u00f3rami za lasami\u201c jsme vytvo\u0159ili z l\u00e1sky k hor\u00e1m, r\u00e1n\u016fm s v\u00fdhledy na vrcholky hor a v\u00e1\u0161ni pro turistiku a cyklistiku. Pokud je pro v\u00e1s d\u016fle\u017eit\u00e9 pono\u0159en\u00ed se do p\u0159\u00edrody, ale z\u00e1rove\u0148 hled\u00e1te m\u00edsto s p\u0159\u00edstupem k atrakc\u00edm, jako jsou turistick\u00e9 stezky, cyklostezky a ly\u017ea\u0159sk\u00e9 vleky, pak je na\u0161e m\u00edsto pro v\u00e1s. Na\u0161e m\u00edsto je vhodn\u00e9 pro rodiny s d\u011btmi, skupiny p\u0159\u00e1tel nebo jednotlivce, pokud si cen\u00edte p\u0159\u00edrody a klidu.","breadcrumb":{"@id":"https:\/\/zagoramizalasami.com\/domek-swietlikow\/#breadcrumb"},"inLanguage":"cs","potentialAction":[{"@type":"ReadAction","target":["https:\/\/zagoramizalasami.com\/domek-swietlikow\/"]}]},{"@type":"ImageObject","inLanguage":"cs","@id":"https:\/\/zagoramizalasami.com\/domek-swietlikow\/#primaryimage","url":"https:\/\/zagoramizalasami.com\/wp-content\/uploads\/2025\/01\/20250113_131951.jpg","contentUrl":"https:\/\/zagoramizalasami.com\/wp-content\/uploads\/2025\/01\/20250113_131951.jpg","width":810,"height":1080},{"@type":"BreadcrumbList","@id":"https:\/\/zagoramizalasami.com\/domek-swietlikow\/#breadcrumb","itemListElement":[{"@type":"ListItem","position":1,"name":"Strona g\u0142\u00f3wna","item":"https:\/\/zagoramizalasami.com\/"},{"@type":"ListItem","position":2,"name":"Domek \u015awietlik\u00f3w"}]},{"@type":"WebSite","@id":"https:\/\/zagoramizalasami.com\/#website","url":"https:\/\/zagoramizalasami.com\/","name":"Za g\u00f3rami za lasami","description":"Horsk\u00e9 chaty k pron\u00e1jmu","potentialAction":[{"@type":"SearchAction","target":{"@type":"EntryPoint","urlTemplate":"https:\/\/zagoramizalasami.com\/?s={search_term_string}"},"query-input":{"@type":"PropertyValueSpecification","valueRequired":true,"valueName":"search_term_string"}}],"inLanguage":"cs"}]}},"_links":{"self":[{"href":"https:\/\/zagoramizalasami.com\/cz\/wp-json\/wp\/v2\/pages\/1945","targetHints":{"allow":["GET"]}}],"collection":[{"href":"https:\/\/zagoramizalasami.com\/cz\/wp-json\/wp\/v2\/pages"}],"about":[{"href":"https:\/\/zagoramizalasami.com\/cz\/wp-json\/wp\/v2\/types\/page"}],"author":[{"embeddable":true,"href":"https:\/\/zagoramizalasami.com\/cz\/wp-json\/wp\/v2\/users\/3"}],"replies":[{"embeddable":true,"href":"https:\/\/zagoramizalasami.com\/cz\/wp-json\/wp\/v2\/comments?post=1945"}],"version-history":[{"count":1,"href":"https:\/\/zagoramizalasami.com\/cz\/wp-json\/wp\/v2\/pages\/1945\/revisions"}],"predecessor-version":[{"id":1946,"href":"https:\/\/zagoramizalasami.com\/cz\/wp-json\/wp\/v2\/pages\/1945\/revisions\/1946"}],"wp:featuredmedia":[{"embeddable":true,"href":"https:\/\/zagoramizalasami.com\/cz\/wp-json\/wp\/v2\/media\/1948"}],"wp:attachment":[{"href":"https:\/\/zagoramizalasami.com\/cz\/wp-json\/wp\/v2\/media?parent=1945"}],"curies":[{"name":"wp","href":"https:\/\/api.w.org\/{rel}","templated":true}]}}