{"id":20,"date":"2021-12-20T08:27:45","date_gmt":"2021-12-20T07:27:45","guid":{"rendered":"https:\/\/zagoramizalasami.com\/?page_id=20"},"modified":"2024-11-05T11:38:46","modified_gmt":"2024-11-05T10:38:46","slug":"kontakt","status":"publish","type":"page","link":"https:\/\/zagoramizalasami.com\/cz\/kontakt\/","title":{"rendered":"Kontakt"},"content":{"rendered":"<section id=\"section-155-20\" class=\"ct-section\" style=\"background-image:linear-gradient(rgba(0,0,0,0.4), rgba(0,0,0,0.4)), url(https:\/\/zagoramizalasami.com\/wp-content\/uploads\/2023\/03\/kontakt-min.jpg);background-size:auto,  cover;\" ><div class=\"ct-section-inner-wrap\"><div id=\"div_block-156-20\" class=\"ct-div-block video-content\" ><div id=\"div_block-157-20\" class=\"ct-div-block video-content__background\" ><div id=\"div_block-158-20\" class=\"ct-div-block video-content__wrapper\" ><div id=\"text_block-159-20\" class=\"ct-text-block\" >Osada za g\u00f3rami za lasami<br><\/div><div id=\"text_block-160-20\" class=\"ct-text-block hero-title\" >Kontakt<br><\/div><div id=\"div_block-161-20\" class=\"ct-div-block\" ><div id=\"div_block-1-319\" class=\"ct-div-block reservation__bar\" ><div id=\"div_block-2-319\" class=\"ct-div-block panel__date\" ><div id=\"div_block-3-319\" class=\"ct-div-block reservation__panel nf-date-from-picker nf-open-calendar\" ><div id=\"div_block-4-319\" class=\"ct-div-block panel__inner\" ><div id=\"text_block-5-319\" class=\"ct-text-block panel__inner_day nf-date-day\" >14<\/div><div id=\"div_block-6-319\" class=\"ct-div-block panel__side\" ><div id=\"text_block-7-319\" class=\"ct-text-block panel__side_month nf-date-month\" >Jan<\/div><div id=\"text_block-8-319\" class=\"ct-text-block panel__side_year\" >22'<\/div><\/div><\/div><div id=\"text_block-28-319\" class=\"ct-text-block reservation-bar__label\" >Den p\u0159\u00edjezdu<\/div><\/div><div id=\"div_block-9-319\" class=\"ct-div-block reservation__panel nf-date-to-picker nf-open-calendar\" ><div id=\"div_block-10-319\" class=\"ct-div-block panel__inner\" ><div id=\"text_block-11-319\" class=\"ct-text-block panel__inner_day nf-date-day\" >13<\/div><div id=\"div_block-12-319\" class=\"ct-div-block panel__side\" ><div id=\"text_block-13-319\" class=\"ct-text-block panel__side_month nf-date-month\" >Jan<\/div><div id=\"text_block-14-319\" class=\"ct-text-block panel__side_year\" >22'<\/div><\/div><\/div><div id=\"text_block-29-319\" class=\"ct-text-block reservation-bar__label\" >Datum odletu<\/div><\/div><\/div><div id=\"div_block-25-319\" class=\"ct-div-block reservation__btn nf-button btn\"  data-adult_count=\"2\" data-offset_top=\"50px\" data-offset_bottom=\"50px\" data-offset_left=\"10%\" data-offset_right=\"10%\" data-settings-id=\"1585\" data-force_search=\"true\"><div id=\"text_block-26-319\" class=\"ct-text-block\" >Rezervovat<br><\/div><\/div><\/div><div id=\"code_block-27-319\" class=\"ct-code-block\" ><\/div><\/div><div id=\"div_block-207-20\" class=\"ct-div-block\" ><div id=\"code_block-209-20\" class=\"ct-code-block\" ><script src=\"https:\/\/panel.hotres.pl\/public\/api\/hotres_v4_chooser.js\"><\/script> <form action=\"https:\/\/panel.hotres.pl\/v4_step1\" target=\"_blank\" class=\"hotresChooser\" id=\"hotresChooser\" method=\"get\"><input type=\"hidden\" name=\"oid\" id=\"hotresOid\" value=\"4684\" \/><input type=\"hidden\" name=\"lang\" id=\"hotresLang\" value=\"\" \/> <input type=\"hidden\" name=\"arrival\" id=\"hotresArrival\" \/><input type=\"hidden\" name=\"departure\" id=\"hotresDeparture\" \/><div class=\"hotresRangeChooser\" id=\"hotresRangeChooser\">    <div id=\"hotresArrivalWrap\"><\/div>    <div id=\"hotresDepartureWrap\"><\/div><\/div><div class=\"hotresAdultsChooser\" id=\"hotresAdultsChooser\"><select name=\"adults\" id=\"hotresAdultsSelect\"><\/select><\/div><div class=\"hotresSubmit\"><button id=\"hotresButtonChooser\"><\/button><\/div><\/form><script>window.addEventListener('load', (event) => { new hotresChooser({'maxAdults':10});});<\/script><\/div><\/div><\/div><\/div><\/div><\/div><\/section><section id=\"section-164-20\" class=\"ct-section\" ><div class=\"ct-section-inner-wrap\"><div id=\"div_block-165-20\" class=\"ct-div-block\"  data-aos=\"fade-up\" data-aos-duration=\"800\"><div id=\"text_block-166-20\" class=\"ct-text-block title\" >&nbsp; &nbsp; &nbsp; &nbsp; &nbsp; Vyrovn\u00e1n\u00ed <br>Za g\u00f3rami za lasami<\/div><div id=\"div_block-167-20\" class=\"ct-div-block\" ><a id=\"link-168-20\" class=\"ct-link contact-link\" href=\"\" target=\"_self\"  ><div id=\"text_block-171-20\" class=\"ct-text-block txt\" ><span id=\"span-172-20\" class=\"ct-span\" >\u010cin\u017eovn\u00ed d\u016fm 9a<\/span><\/div><div id=\"text_block-169-20\" class=\"ct-text-block txt\" ><span id=\"span-170-20\" class=\"ct-span\" >Obec Stronie \u015al\u0105skie<\/span><\/div><\/a><a id=\"link-173-20\" class=\"ct-link contact-link-icon\" href=\"tel:+%2048%20517%20600%20741\" target=\"_self\"  ><div id=\"fancy_icon-174-20\" class=\"ct-fancy-icon\" ><svg id=\"svg-fancy_icon-174-20\"><use xlink:href=\"#FontAwesomeicon-phone-square\"><\/use><\/svg><\/div><div id=\"text_block-175-20\" class=\"ct-text-block txt\" ><span id=\"span-176-20\" class=\"ct-span\" >+ 48 517 600 741<\/span><\/div><\/a><a id=\"link-189-20\" class=\"ct-link contact-link-icon\" href=\"mailto:kontakt@zagoramizalasami.com\" target=\"_self\"  ><div id=\"fancy_icon-190-20\" class=\"ct-fancy-icon\" ><svg id=\"svg-fancy_icon-190-20\"><use xlink:href=\"#FontAwesomeicon-envelope\"><\/use><\/svg><\/div><div id=\"text_block-191-20\" class=\"ct-text-block txt\" ><span id=\"span-192-20\" class=\"ct-span\" >kontakt@zagoramizalasami.com<\/span><\/div><\/a><\/div><div id=\"div_block-193-20\" class=\"ct-div-block\" ><a id=\"link-194-20\" class=\"ct-link contact-link-icon\" href=\"https:\/\/www.facebook.com\/people\/Zag%C3%B3ramizalasamipl\/100065431991727\/\" target=\"_blank\"  ><div id=\"fancy_icon-195-20\" class=\"ct-fancy-icon\" ><svg id=\"svg-fancy_icon-195-20\"><use xlink:href=\"#FontAwesomeicon-facebook-official\"><\/use><\/svg><\/div><div id=\"text_block-196-20\" class=\"ct-text-block txt\" >Najd\u011bte n\u00e1s na Facebooku<\/div><\/a><a id=\"link-197-20\" class=\"ct-link contact-link-icon\" href=\"https:\/\/instagram.com\/osadazagoramizalasami\" target=\"_blank\"  ><div id=\"fancy_icon-198-20\" class=\"ct-fancy-icon\" ><svg id=\"svg-fancy_icon-198-20\"><use xlink:href=\"#FontAwesomeicon-instagram\"><\/use><\/svg><\/div><div id=\"text_block-199-20\" class=\"ct-text-block txt\" >Najd\u011bte n\u00e1s na Instagramu<\/div><\/a><\/div><\/div><div id=\"div_block-200-20\" class=\"ct-div-block\"  data-aos=\"fade-up\" data-aos-duration=\"800\" data-aos-delay=\"300\"><div id=\"code_block-201-20\" class=\"ct-code-block\" ><iframe src=\"https:\/\/www.google.com\/maps\/embed?pb=!1m18!1m12!1m3!1d2551.65198911387!2d16.882809415926843!3d50.24240611021423!2m3!1f0!2f0!3f0!3m2!1i1024!2i768!4f13.1!3m3!1m2!1s0x4711fd06affac7df%3A0x4e3312ed44e6bf63!2sOsada%20Za%20g%C3%B3rami%20za%20lasami!5e0!3m2!1spl!2spl!4v1678445388271!5m2!1spl!2spl\" width=\"100%\" height=\"100%\" style=\"border:0;\" allowfullscreen=\"\" loading=\"lazy\" referrerpolicy=\"no-referrer-when-downgrade\"><\/iframe><\/div><\/div><\/div><\/section><section id=\"section-203-20\" class=\"ct-section\"  data-aos=\"fade-up\" data-aos-duration=\"1200\"><div class=\"ct-section-inner-wrap\"><div id=\"text_block-204-20\" class=\"ct-text-block title-big--dark title-big--center title-big\" >Napi\u0161te n\u00e1m<\/div><div id=\"div_block-205-20\" class=\"ct-div-block\" ><div id=\"shortcode-206-20\" class=\"ct-shortcode txt m-t-2\" >\n<div class=\"wpcf7 no-js\" id=\"wpcf7-f82-o1\" lang=\"pl-PL\" dir=\"ltr\" data-wpcf7-id=\"82\">\n<div class=\"screen-reader-response\"><p role=\"status\" aria-live=\"polite\" aria-atomic=\"true\"><\/p> <ul><\/ul><\/div>\n<form action=\"\/cz\/wp-json\/wp\/v2\/pages\/20#wpcf7-f82-o1\" method=\"post\" class=\"wpcf7-form init 2d375c8ae60b cmatic-disconn cmatic-aud-1 cmatic-mapd0-0 cmatic-v0976 cmatic-sent-0 cmatic-total-0\" aria-label=\"Kontaktn\u00ed formul\u00e1\u0159\" novalidate=\"novalidate\" data-status=\"init\" data-trp-original-action=\"\/cz\/wp-json\/wp\/v2\/pages\/20#wpcf7-f82-o1\">\n<fieldset class=\"hidden-fields-container\"><input type=\"hidden\" name=\"_wpcf7\" value=\"82\" \/><input type=\"hidden\" name=\"_wpcf7_version\" value=\"6.1.5\" \/><input type=\"hidden\" name=\"_wpcf7_locale\" value=\"pl_PL\" \/><input type=\"hidden\" name=\"_wpcf7_unit_tag\" value=\"wpcf7-f82-o1\" \/><input type=\"hidden\" name=\"_wpcf7_container_post\" value=\"0\" \/><input type=\"hidden\" name=\"_wpcf7_posted_data_hash\" value=\"\" \/><input type=\"hidden\" name=\"_wpcf7_recaptcha_response\" value=\"\" \/>\n<\/fieldset>\n<div class=\"contact-row\">\n\t<div class=\"contact-column\">\n\t\t<div class=\"formCell\">\n\t\t\t<p><span class=\"wpcf7-form-control-wrap\" data-name=\"your-name\"><input size=\"40\" maxlength=\"400\" class=\"wpcf7-form-control wpcf7-text wpcf7-validates-as-required\" aria-required=\"true\" aria-invalid=\"false\" placeholder=\"Jm\u00e9no\" value=\"\" type=\"text\" name=\"your-name\" \/><\/span>\n\t\t\t<\/p>\n\t\t<\/div>\n\t\t<div class=\"formCell\">\n\t\t\t<p><span class=\"wpcf7-form-control-wrap\" data-name=\"your-phone\"><input size=\"40\" maxlength=\"400\" class=\"wpcf7-form-control wpcf7-text wpcf7-validates-as-required\" aria-required=\"true\" aria-invalid=\"false\" placeholder=\"Telefonn\u00ed \u010d\u00edslo\" value=\"\" type=\"text\" name=\"your-phone\" \/><\/span>\n\t\t\t<\/p>\n\t\t<\/div>\n\t\t<div class=\"formCell\">\n\t\t\t<p><span class=\"wpcf7-form-control-wrap\" data-name=\"your-email\"><input size=\"40\" maxlength=\"400\" class=\"wpcf7-form-control wpcf7-email wpcf7-validates-as-required wpcf7-text wpcf7-validates-as-email\" aria-required=\"true\" aria-invalid=\"false\" placeholder=\"E-mail\" value=\"\" type=\"email\" name=\"your-email\" \/><\/span>\n\t\t\t<\/p>\n\t\t<\/div>\n\t<\/div>\n\t<div class=\"contact-column\">\n\t\t<p><span class=\"wpcf7-form-control-wrap\" data-name=\"your-message\"><textarea cols=\"40\" rows=\"10\" maxlength=\"2000\" class=\"wpcf7-form-control wpcf7-textarea\" aria-invalid=\"false\" placeholder=\"Napi\u0161te zpr\u00e1vu\" name=\"your-message\"><\/textarea><\/span>\n\t\t<\/p>\n\t<\/div>\n<\/div>\n<div class=\"contact-row\">\n\t<p><span class=\"wpcf7-form-control-wrap\" data-name=\"acceptance-530\"><span class=\"wpcf7-form-control wpcf7-acceptance\"><span class=\"wpcf7-list-item\"><label><input type=\"checkbox\" name=\"acceptance-530\" value=\"1\" aria-invalid=\"false\" \/><span class=\"wpcf7-list-item-label\">Kliknut\u00edm na tla\u010d\u00edtko 'Odeslat' ud\u011blujete souhlas se zpracov\u00e1n\u00edm va\u0161ich osobn\u00edch \u00fadaj\u016f pro \u00fa\u010dely spln\u011bn\u00ed va\u0161eho po\u017eadavku.<\/span><\/label><\/span><\/span><\/span>\n\t<\/p>\n<\/div>\n<div class=\"contact-row\">\n\t<p><button class=\"btn\" type=\"submit\">Odeslat<\/button>\n\t<\/p>\n<\/div><div class=\"wpcf7-response-output\" aria-hidden=\"true\"><\/div>\n<input type=\"hidden\" name=\"trp-form-language\" value=\"cz\"\/><\/form>\n<\/div>\n<\/div><\/div><\/div><\/section>","protected":false},"excerpt":{"rendered":"","protected":false},"author":3,"featured_media":1166,"parent":0,"menu_order":0,"comment_status":"closed","ping_status":"closed","template":"","meta":{"_acf_changed":false,"om_disable_all_campaigns":false,"inline_featured_image":false,"_monsterinsights_skip_tracking":false,"_monsterinsights_sitenote_active":false,"_monsterinsights_sitenote_note":"","_monsterinsights_sitenote_category":0,"_uf_show_specific_survey":0,"_uf_disable_surveys":false,"footnotes":""},"class_list":["post-20","page","type-page","status-publish","has-post-thumbnail","hentry"],"acf":[],"yoast_head":"<!-- This site is optimized with the Yoast SEO plugin v27.1.1 - https:\/\/yoast.com\/product\/yoast-seo-wordpress\/ -->\n<title>Kontakt: domki w Masywie \u015anie\u017cnika | Zagoramizalasami.com<\/title>\n<meta name=\"description\" content=\"Zagoramizalasami.com: Skontaktuj si\u0119 z nami i zarezerwuj wymarzony pobyt w nowoczesnych domkach w Masywie \u015anie\u017cnika.\" \/>\n<meta name=\"robots\" content=\"index, follow, max-snippet:-1, max-image-preview:large, max-video-preview:-1\" \/>\n<link rel=\"canonical\" href=\"https:\/\/zagoramizalasami.com\/cz\/kontakt\/\" \/>\n<meta property=\"og:locale\" content=\"cs_CZ\" \/>\n<meta property=\"og:type\" content=\"article\" \/>\n<meta property=\"og:title\" content=\"Kontakt: domki w Masywie \u015anie\u017cnika | Zagoramizalasami.com\" \/>\n<meta property=\"og:description\" content=\"Zagoramizalasami.com: Skontaktuj si\u0119 z nami i zarezerwuj wymarzony pobyt w nowoczesnych domkach w Masywie \u015anie\u017cnika.\" \/>\n<meta property=\"og:url\" content=\"https:\/\/zagoramizalasami.com\/cz\/kontakt\/\" \/>\n<meta property=\"og:site_name\" content=\"Za g\u00f3rami za lasami\" \/>\n<meta property=\"article:modified_time\" content=\"2024-11-05T10:38:46+00:00\" \/>\n<meta property=\"og:image\" content=\"https:\/\/zagoramizalasami.com\/wp-content\/uploads\/2023\/03\/kontakt-min.jpg\" \/>\n\t<meta property=\"og:image:width\" content=\"1928\" \/>\n\t<meta property=\"og:image:height\" content=\"608\" \/>\n\t<meta property=\"og:image:type\" content=\"image\/jpeg\" \/>\n<meta name=\"twitter:card\" content=\"summary_large_image\" \/>\n<meta name=\"twitter:label1\" content=\"Odhadovan\u00e1 doba \u010dten\u00ed\" \/>\n\t<meta name=\"twitter:data1\" content=\"1 minuta\" \/>\n<script type=\"application\/ld+json\" class=\"yoast-schema-graph\">{\"@context\":\"https:\/\/schema.org\",\"@graph\":[{\"@type\":\"WebPage\",\"@id\":\"https:\/\/zagoramizalasami.com\/kontakt\/\",\"url\":\"https:\/\/zagoramizalasami.com\/kontakt\/\",\"name\":\"Kontakt: domki w Masywie \u015anie\u017cnika | Zagoramizalasami.com\",\"isPartOf\":{\"@id\":\"https:\/\/zagoramizalasami.com\/#website\"},\"primaryImageOfPage\":{\"@id\":\"https:\/\/zagoramizalasami.com\/kontakt\/#primaryimage\"},\"image\":{\"@id\":\"https:\/\/zagoramizalasami.com\/kontakt\/#primaryimage\"},\"thumbnailUrl\":\"https:\/\/zagoramizalasami.com\/wp-content\/uploads\/2023\/03\/kontakt-min.jpg\",\"datePublished\":\"2021-12-20T07:27:45+00:00\",\"dateModified\":\"2024-11-05T10:38:46+00:00\",\"description\":\"Zagoramizalasami.com: Skontaktuj si\u0119 z nami i zarezerwuj wymarzony pobyt w nowoczesnych domkach w Masywie \u015anie\u017cnika.\",\"breadcrumb\":{\"@id\":\"https:\/\/zagoramizalasami.com\/kontakt\/#breadcrumb\"},\"inLanguage\":\"cs\",\"potentialAction\":[{\"@type\":\"ReadAction\",\"target\":[\"https:\/\/zagoramizalasami.com\/kontakt\/\"]}]},{\"@type\":\"ImageObject\",\"inLanguage\":\"cs\",\"@id\":\"https:\/\/zagoramizalasami.com\/kontakt\/#primaryimage\",\"url\":\"https:\/\/zagoramizalasami.com\/wp-content\/uploads\/2023\/03\/kontakt-min.jpg\",\"contentUrl\":\"https:\/\/zagoramizalasami.com\/wp-content\/uploads\/2023\/03\/kontakt-min.jpg\",\"width\":1928,\"height\":608},{\"@type\":\"BreadcrumbList\",\"@id\":\"https:\/\/zagoramizalasami.com\/kontakt\/#breadcrumb\",\"itemListElement\":[{\"@type\":\"ListItem\",\"position\":1,\"name\":\"Strona g\u0142\u00f3wna\",\"item\":\"https:\/\/zagoramizalasami.com\/\"},{\"@type\":\"ListItem\",\"position\":2,\"name\":\"Kontakt\"}]},{\"@type\":\"WebSite\",\"@id\":\"https:\/\/zagoramizalasami.com\/#website\",\"url\":\"https:\/\/zagoramizalasami.com\/\",\"name\":\"Za g\u00f3rami za lasami\",\"description\":\"Domki w g\u00f3rach na wynajem\",\"potentialAction\":[{\"@type\":\"SearchAction\",\"target\":{\"@type\":\"EntryPoint\",\"urlTemplate\":\"https:\/\/zagoramizalasami.com\/?s={search_term_string}\"},\"query-input\":{\"@type\":\"PropertyValueSpecification\",\"valueRequired\":true,\"valueName\":\"search_term_string\"}}],\"inLanguage\":\"cs\"}]}<\/script>\n<!-- \/ Yoast SEO plugin. -->","yoast_head_json":{"title":"Kontakt: domki w Masywie \u015anie\u017cnika | Zagoramizalasami.com","description":"Zagoramizalasami.com: Skontaktuj si\u0119 z nami i zarezerwuj wymarzony pobyt w nowoczesnych domkach w Masywie \u015anie\u017cnika.","robots":{"index":"index","follow":"follow","max-snippet":"max-snippet:-1","max-image-preview":"max-image-preview:large","max-video-preview":"max-video-preview:-1"},"canonical":"https:\/\/zagoramizalasami.com\/cz\/kontakt\/","og_locale":"cs_CZ","og_type":"article","og_title":"Kontakt: domki w Masywie \u015anie\u017cnika | Zagoramizalasami.com","og_description":"Zagoramizalasami.com: Skontaktuj si\u0119 z nami i zarezerwuj wymarzony pobyt w nowoczesnych domkach w Masywie \u015anie\u017cnika.","og_url":"https:\/\/zagoramizalasami.com\/cz\/kontakt\/","og_site_name":"Za g\u00f3rami za lasami","article_modified_time":"2024-11-05T10:38:46+00:00","og_image":[{"width":1928,"height":608,"url":"https:\/\/zagoramizalasami.com\/wp-content\/uploads\/2023\/03\/kontakt-min.jpg","type":"image\/jpeg"}],"twitter_card":"summary_large_image","twitter_misc":{"Odhadovan\u00e1 doba \u010dten\u00ed":"1 minuta"},"schema":{"@context":"https:\/\/schema.org","@graph":[{"@type":"WebPage","@id":"https:\/\/zagoramizalasami.com\/kontakt\/","url":"https:\/\/zagoramizalasami.com\/kontakt\/","name":"Kontakt: domki w Masywie \u015anie\u017cnika | Zagoramizalasami.com","isPartOf":{"@id":"https:\/\/zagoramizalasami.com\/#website"},"primaryImageOfPage":{"@id":"https:\/\/zagoramizalasami.com\/kontakt\/#primaryimage"},"image":{"@id":"https:\/\/zagoramizalasami.com\/kontakt\/#primaryimage"},"thumbnailUrl":"https:\/\/zagoramizalasami.com\/wp-content\/uploads\/2023\/03\/kontakt-min.jpg","datePublished":"2021-12-20T07:27:45+00:00","dateModified":"2024-11-05T10:38:46+00:00","description":"Zagoramizalasami.com: Skontaktuj si\u0119 z nami i zarezerwuj wymarzony pobyt w nowoczesnych domkach w Masywie \u015anie\u017cnika.","breadcrumb":{"@id":"https:\/\/zagoramizalasami.com\/kontakt\/#breadcrumb"},"inLanguage":"cs","potentialAction":[{"@type":"ReadAction","target":["https:\/\/zagoramizalasami.com\/kontakt\/"]}]},{"@type":"ImageObject","inLanguage":"cs","@id":"https:\/\/zagoramizalasami.com\/kontakt\/#primaryimage","url":"https:\/\/zagoramizalasami.com\/wp-content\/uploads\/2023\/03\/kontakt-min.jpg","contentUrl":"https:\/\/zagoramizalasami.com\/wp-content\/uploads\/2023\/03\/kontakt-min.jpg","width":1928,"height":608},{"@type":"BreadcrumbList","@id":"https:\/\/zagoramizalasami.com\/kontakt\/#breadcrumb","itemListElement":[{"@type":"ListItem","position":1,"name":"Strona g\u0142\u00f3wna","item":"https:\/\/zagoramizalasami.com\/"},{"@type":"ListItem","position":2,"name":"Kontakt"}]},{"@type":"WebSite","@id":"https:\/\/zagoramizalasami.com\/#website","url":"https:\/\/zagoramizalasami.com\/","name":"Za g\u00f3rami za lasami","description":"Horsk\u00e9 chaty k pron\u00e1jmu","potentialAction":[{"@type":"SearchAction","target":{"@type":"EntryPoint","urlTemplate":"https:\/\/zagoramizalasami.com\/?s={search_term_string}"},"query-input":{"@type":"PropertyValueSpecification","valueRequired":true,"valueName":"search_term_string"}}],"inLanguage":"cs"}]}},"_links":{"self":[{"href":"https:\/\/zagoramizalasami.com\/cz\/wp-json\/wp\/v2\/pages\/20","targetHints":{"allow":["GET"]}}],"collection":[{"href":"https:\/\/zagoramizalasami.com\/cz\/wp-json\/wp\/v2\/pages"}],"about":[{"href":"https:\/\/zagoramizalasami.com\/cz\/wp-json\/wp\/v2\/types\/page"}],"author":[{"embeddable":true,"href":"https:\/\/zagoramizalasami.com\/cz\/wp-json\/wp\/v2\/users\/3"}],"replies":[{"embeddable":true,"href":"https:\/\/zagoramizalasami.com\/cz\/wp-json\/wp\/v2\/comments?post=20"}],"version-history":[{"count":5,"href":"https:\/\/zagoramizalasami.com\/cz\/wp-json\/wp\/v2\/pages\/20\/revisions"}],"predecessor-version":[{"id":1837,"href":"https:\/\/zagoramizalasami.com\/cz\/wp-json\/wp\/v2\/pages\/20\/revisions\/1837"}],"wp:featuredmedia":[{"embeddable":true,"href":"https:\/\/zagoramizalasami.com\/cz\/wp-json\/wp\/v2\/media\/1166"}],"wp:attachment":[{"href":"https:\/\/zagoramizalasami.com\/cz\/wp-json\/wp\/v2\/media?parent=20"}],"curies":[{"name":"wp","href":"https:\/\/api.w.org\/{rel}","templated":true}]}}