{"id":1473,"date":"2023-06-19T13:28:10","date_gmt":"2023-06-19T11:28:10","guid":{"rendered":"https:\/\/zagoramizalasami.com\/?page_id=1473"},"modified":"2024-11-05T10:03:48","modified_gmt":"2024-11-05T09:03:48","slug":"opinie","status":"publish","type":"page","link":"https:\/\/zagoramizalasami.com\/de\/opinie\/","title":{"rendered":"Meinungen von G\u00e4sten"},"content":{"rendered":"<figure class=\"wp-block-image size-large\"><img loading=\"lazy\" decoding=\"async\" width=\"683\" height=\"1024\" src=\"https:\/\/zagoramizalasami.com\/wp-content\/uploads\/2023\/05\/DSCF0266-683x1024.jpg\" alt=\"\" class=\"wp-image-1355\" srcset=\"https:\/\/zagoramizalasami.com\/wp-content\/uploads\/2023\/05\/DSCF0266-683x1024.jpg 683w, https:\/\/zagoramizalasami.com\/wp-content\/uploads\/2023\/05\/DSCF0266-200x300.jpg 200w, https:\/\/zagoramizalasami.com\/wp-content\/uploads\/2023\/05\/DSCF0266-768x1152.jpg 768w, https:\/\/zagoramizalasami.com\/wp-content\/uploads\/2023\/05\/DSCF0266-1024x1536.jpg 1024w, https:\/\/zagoramizalasami.com\/wp-content\/uploads\/2023\/05\/DSCF0266-1365x2048.jpg 1365w, https:\/\/zagoramizalasami.com\/wp-content\/uploads\/2023\/05\/DSCF0266-scaled.jpg 1707w\" sizes=\"auto, (max-width: 683px) 100vw, 683px\" \/><\/figure>","protected":false},"excerpt":{"rendered":"","protected":false},"author":3,"featured_media":1391,"parent":0,"menu_order":0,"comment_status":"closed","ping_status":"closed","template":"","meta":{"_acf_changed":false,"om_disable_all_campaigns":false,"inline_featured_image":false,"_monsterinsights_skip_tracking":false,"_monsterinsights_sitenote_active":false,"_monsterinsights_sitenote_note":"","_monsterinsights_sitenote_category":0,"_uf_show_specific_survey":0,"_uf_disable_surveys":false,"footnotes":""},"class_list":["post-1473","page","type-page","status-publish","has-post-thumbnail","hentry"],"acf":[],"yoast_head":"<!-- This site is optimized with the Yoast SEO plugin v27.1.1 - https:\/\/yoast.com\/product\/yoast-seo-wordpress\/ -->\n<title>Opinie go\u015bci Osady w Masywie \u015anie\u017cnika | Zagoramizalasami.com<\/title>\n<meta name=\"description\" content=\"Zagoramizalasami.com: Opinie go\u015bci o domkach w Masywie \u015anie\u017cnika. Sprawd\u017a, dlaczego do nas wracaj\u0105. Komfort pobytu, lokalizacja, widoki.\" \/>\n<meta name=\"robots\" content=\"index, follow, max-snippet:-1, max-image-preview:large, max-video-preview:-1\" \/>\n<link rel=\"canonical\" href=\"https:\/\/zagoramizalasami.com\/de\/opinie\/\" \/>\n<meta property=\"og:locale\" content=\"de_DE\" \/>\n<meta property=\"og:type\" content=\"article\" \/>\n<meta property=\"og:title\" content=\"Opinie go\u015bci Osady w Masywie \u015anie\u017cnika | Zagoramizalasami.com\" \/>\n<meta property=\"og:description\" content=\"Zagoramizalasami.com: Opinie go\u015bci o domkach w Masywie \u015anie\u017cnika. Sprawd\u017a, dlaczego do nas wracaj\u0105. Komfort pobytu, lokalizacja, widoki.\" \/>\n<meta property=\"og:url\" content=\"https:\/\/zagoramizalasami.com\/de\/opinie\/\" \/>\n<meta property=\"og:site_name\" content=\"Za g\u00f3rami za lasami\" \/>\n<meta property=\"article:modified_time\" content=\"2024-11-05T09:03:48+00:00\" \/>\n<meta property=\"og:image\" content=\"https:\/\/zagoramizalasami.com\/wp-content\/uploads\/2023\/05\/IR0A0367-1-scaled.jpg\" \/>\n\t<meta property=\"og:image:width\" content=\"1707\" \/>\n\t<meta property=\"og:image:height\" content=\"2560\" \/>\n\t<meta property=\"og:image:type\" content=\"image\/jpeg\" \/>\n<meta name=\"twitter:card\" content=\"summary_large_image\" \/>\n<meta name=\"twitter:label1\" content=\"Gesch\u00e4tzte Lesezeit\" \/>\n\t<meta name=\"twitter:data1\" content=\"3\u00a0Minuten\" \/>\n<script type=\"application\/ld+json\" class=\"yoast-schema-graph\">{\"@context\":\"https:\/\/schema.org\",\"@graph\":[{\"@type\":\"WebPage\",\"@id\":\"https:\/\/zagoramizalasami.com\/opinie\/\",\"url\":\"https:\/\/zagoramizalasami.com\/opinie\/\",\"name\":\"Opinie go\u015bci Osady w Masywie \u015anie\u017cnika | Zagoramizalasami.com\",\"isPartOf\":{\"@id\":\"https:\/\/zagoramizalasami.com\/#website\"},\"primaryImageOfPage\":{\"@id\":\"https:\/\/zagoramizalasami.com\/opinie\/#primaryimage\"},\"image\":{\"@id\":\"https:\/\/zagoramizalasami.com\/opinie\/#primaryimage\"},\"thumbnailUrl\":\"https:\/\/zagoramizalasami.com\/wp-content\/uploads\/2023\/05\/IR0A0367-1-scaled.jpg\",\"datePublished\":\"2023-06-19T11:28:10+00:00\",\"dateModified\":\"2024-11-05T09:03:48+00:00\",\"description\":\"Zagoramizalasami.com: Opinie go\u015bci o domkach w Masywie \u015anie\u017cnika. Sprawd\u017a, dlaczego do nas wracaj\u0105. Komfort pobytu, lokalizacja, widoki.\",\"breadcrumb\":{\"@id\":\"https:\/\/zagoramizalasami.com\/opinie\/#breadcrumb\"},\"inLanguage\":\"de\",\"potentialAction\":[{\"@type\":\"ReadAction\",\"target\":[\"https:\/\/zagoramizalasami.com\/opinie\/\"]}]},{\"@type\":\"ImageObject\",\"inLanguage\":\"de\",\"@id\":\"https:\/\/zagoramizalasami.com\/opinie\/#primaryimage\",\"url\":\"https:\/\/zagoramizalasami.com\/wp-content\/uploads\/2023\/05\/IR0A0367-1-scaled.jpg\",\"contentUrl\":\"https:\/\/zagoramizalasami.com\/wp-content\/uploads\/2023\/05\/IR0A0367-1-scaled.jpg\",\"width\":1707,\"height\":2560},{\"@type\":\"BreadcrumbList\",\"@id\":\"https:\/\/zagoramizalasami.com\/opinie\/#breadcrumb\",\"itemListElement\":[{\"@type\":\"ListItem\",\"position\":1,\"name\":\"Strona g\u0142\u00f3wna\",\"item\":\"https:\/\/zagoramizalasami.com\/\"},{\"@type\":\"ListItem\",\"position\":2,\"name\":\"Opinie go\u015bci\"}]},{\"@type\":\"WebSite\",\"@id\":\"https:\/\/zagoramizalasami.com\/#website\",\"url\":\"https:\/\/zagoramizalasami.com\/\",\"name\":\"Za g\u00f3rami za lasami\",\"description\":\"Domki w g\u00f3rach na wynajem\",\"potentialAction\":[{\"@type\":\"SearchAction\",\"target\":{\"@type\":\"EntryPoint\",\"urlTemplate\":\"https:\/\/zagoramizalasami.com\/?s={search_term_string}\"},\"query-input\":{\"@type\":\"PropertyValueSpecification\",\"valueRequired\":true,\"valueName\":\"search_term_string\"}}],\"inLanguage\":\"de\"}]}<\/script>\n<!-- \/ Yoast SEO plugin. -->","yoast_head_json":{"title":"G\u00e4stebewertungen von Siedlungen im \u015anie\u017cnik-Massiv | Zagoramizalasami.com","description":"Zagoramizalasami.com: G\u00e4stebewertungen von Ferienh\u00e4usern im \u015anie\u017cnik-Massiv. Erfahren Sie, warum G\u00e4ste immer wiederkommen. Komfort, Lage und Aussicht.","robots":{"index":"index","follow":"follow","max-snippet":"max-snippet:-1","max-image-preview":"max-image-preview:large","max-video-preview":"max-video-preview:-1"},"canonical":"https:\/\/zagoramizalasami.com\/de\/opinie\/","og_locale":"de_DE","og_type":"article","og_title":"Opinie go\u015bci Osady w Masywie \u015anie\u017cnika | Zagoramizalasami.com","og_description":"Zagoramizalasami.com: Opinie go\u015bci o domkach w Masywie \u015anie\u017cnika. Sprawd\u017a, dlaczego do nas wracaj\u0105. Komfort pobytu, lokalizacja, widoki.","og_url":"https:\/\/zagoramizalasami.com\/de\/opinie\/","og_site_name":"Za g\u00f3rami za lasami","article_modified_time":"2024-11-05T09:03:48+00:00","og_image":[{"width":1707,"height":2560,"url":"https:\/\/zagoramizalasami.com\/wp-content\/uploads\/2023\/05\/IR0A0367-1-scaled.jpg","type":"image\/jpeg"}],"twitter_card":"summary_large_image","twitter_misc":{"Gesch\u00e4tzte Lesezeit":"3\u00a0Minuten"},"schema":{"@context":"https:\/\/schema.org","@graph":[{"@type":"WebPage","@id":"https:\/\/zagoramizalasami.com\/opinie\/","url":"https:\/\/zagoramizalasami.com\/opinie\/","name":"G\u00e4stebewertungen von Siedlungen im \u015anie\u017cnik-Massiv | Zagoramizalasami.com","isPartOf":{"@id":"https:\/\/zagoramizalasami.com\/#website"},"primaryImageOfPage":{"@id":"https:\/\/zagoramizalasami.com\/opinie\/#primaryimage"},"image":{"@id":"https:\/\/zagoramizalasami.com\/opinie\/#primaryimage"},"thumbnailUrl":"https:\/\/zagoramizalasami.com\/wp-content\/uploads\/2023\/05\/IR0A0367-1-scaled.jpg","datePublished":"2023-06-19T11:28:10+00:00","dateModified":"2024-11-05T09:03:48+00:00","description":"Zagoramizalasami.com: G\u00e4stebewertungen von Ferienh\u00e4usern im \u015anie\u017cnik-Massiv. Erfahren Sie, warum G\u00e4ste immer wiederkommen. Komfort, Lage und Aussicht.","breadcrumb":{"@id":"https:\/\/zagoramizalasami.com\/opinie\/#breadcrumb"},"inLanguage":"de","potentialAction":[{"@type":"ReadAction","target":["https:\/\/zagoramizalasami.com\/opinie\/"]}]},{"@type":"ImageObject","inLanguage":"de","@id":"https:\/\/zagoramizalasami.com\/opinie\/#primaryimage","url":"https:\/\/zagoramizalasami.com\/wp-content\/uploads\/2023\/05\/IR0A0367-1-scaled.jpg","contentUrl":"https:\/\/zagoramizalasami.com\/wp-content\/uploads\/2023\/05\/IR0A0367-1-scaled.jpg","width":1707,"height":2560},{"@type":"BreadcrumbList","@id":"https:\/\/zagoramizalasami.com\/opinie\/#breadcrumb","itemListElement":[{"@type":"ListItem","position":1,"name":"Strona g\u0142\u00f3wna","item":"https:\/\/zagoramizalasami.com\/"},{"@type":"ListItem","position":2,"name":"Opinie go\u015bci"}]},{"@type":"WebSite","@id":"https:\/\/zagoramizalasami.com\/#website","url":"https:\/\/zagoramizalasami.com\/","name":"Hinter den Bergen, hinter den W\u00e4ldern","description":"Bergh\u00fctten zu vermieten","potentialAction":[{"@type":"SearchAction","target":{"@type":"EntryPoint","urlTemplate":"https:\/\/zagoramizalasami.com\/?s={search_term_string}"},"query-input":{"@type":"PropertyValueSpecification","valueRequired":true,"valueName":"search_term_string"}}],"inLanguage":"de"}]}},"_links":{"self":[{"href":"https:\/\/zagoramizalasami.com\/de\/wp-json\/wp\/v2\/pages\/1473","targetHints":{"allow":["GET"]}}],"collection":[{"href":"https:\/\/zagoramizalasami.com\/de\/wp-json\/wp\/v2\/pages"}],"about":[{"href":"https:\/\/zagoramizalasami.com\/de\/wp-json\/wp\/v2\/types\/page"}],"author":[{"embeddable":true,"href":"https:\/\/zagoramizalasami.com\/de\/wp-json\/wp\/v2\/users\/3"}],"replies":[{"embeddable":true,"href":"https:\/\/zagoramizalasami.com\/de\/wp-json\/wp\/v2\/comments?post=1473"}],"version-history":[{"count":4,"href":"https:\/\/zagoramizalasami.com\/de\/wp-json\/wp\/v2\/pages\/1473\/revisions"}],"predecessor-version":[{"id":1832,"href":"https:\/\/zagoramizalasami.com\/de\/wp-json\/wp\/v2\/pages\/1473\/revisions\/1832"}],"wp:featuredmedia":[{"embeddable":true,"href":"https:\/\/zagoramizalasami.com\/de\/wp-json\/wp\/v2\/media\/1391"}],"wp:attachment":[{"href":"https:\/\/zagoramizalasami.com\/de\/wp-json\/wp\/v2\/media?parent=1473"}],"curies":[{"name":"wp","href":"https:\/\/api.w.org\/{rel}","templated":true}]}}