{"id":16,"date":"2021-12-20T08:27:08","date_gmt":"2021-12-20T07:27:08","guid":{"rendered":"https:\/\/zagoramizalasami.com\/?page_id=16"},"modified":"2025-01-21T14:34:15","modified_gmt":"2025-01-21T13:34:15","slug":"galeria","status":"publish","type":"page","link":"https:\/\/zagoramizalasami.com\/en\/galeria\/","title":{"rendered":"Gallery"},"content":{"rendered":"","protected":false},"excerpt":{"rendered":"","protected":false},"author":3,"featured_media":1389,"parent":0,"menu_order":0,"comment_status":"closed","ping_status":"closed","template":"","meta":{"_acf_changed":false,"om_disable_all_campaigns":false,"inline_featured_image":false,"_monsterinsights_skip_tracking":false,"_monsterinsights_sitenote_active":false,"_monsterinsights_sitenote_note":"","_monsterinsights_sitenote_category":0,"_uf_show_specific_survey":0,"_uf_disable_surveys":false,"footnotes":""},"class_list":["post-16","page","type-page","status-publish","has-post-thumbnail","hentry"],"acf":[],"yoast_head":"<!-- This site is optimized with the Yoast SEO plugin v27.4 - https:\/\/yoast.com\/product\/yoast-seo-wordpress\/ -->\n<title>Galeria: Osada w Masywie \u015anie\u017cnika | Zagoramizalasami.com<\/title>\n<meta name=\"description\" content=\"Zagoramizalasami.com: Zobacz zdj\u0119cia 7 ca\u0142orocznych domk\u00f3w z widokiem na g\u00f3ry. Przytulne wn\u0119trza i malownicze krajobrazy w Masywie \u015anie\u017cnika.\" \/>\n<meta name=\"robots\" content=\"index, follow, max-snippet:-1, max-image-preview:large, max-video-preview:-1\" \/>\n<link rel=\"canonical\" href=\"https:\/\/zagoramizalasami.com\/en\/galeria\/\" \/>\n<meta property=\"og:locale\" content=\"en_GB\" \/>\n<meta property=\"og:type\" content=\"article\" \/>\n<meta property=\"og:title\" content=\"Galeria: Osada w Masywie \u015anie\u017cnika | Zagoramizalasami.com\" \/>\n<meta property=\"og:description\" content=\"Zagoramizalasami.com: Zobacz zdj\u0119cia 7 ca\u0142orocznych domk\u00f3w z widokiem na g\u00f3ry. Przytulne wn\u0119trza i malownicze krajobrazy w Masywie \u015anie\u017cnika.\" \/>\n<meta property=\"og:url\" content=\"https:\/\/zagoramizalasami.com\/en\/galeria\/\" \/>\n<meta property=\"og:site_name\" content=\"Za g\u00f3rami za lasami\" \/>\n<meta property=\"article:modified_time\" content=\"2025-01-21T13:34:15+00:00\" \/>\n<meta property=\"og:image\" content=\"https:\/\/zagoramizalasami.com\/wp-content\/uploads\/2023\/05\/IR0A0363-scaled.jpg\" \/>\n\t<meta property=\"og:image:width\" content=\"1707\" \/>\n\t<meta property=\"og:image:height\" content=\"2560\" \/>\n\t<meta property=\"og:image:type\" content=\"image\/jpeg\" \/>\n<meta name=\"twitter:card\" content=\"summary_large_image\" \/>\n<meta name=\"twitter:label1\" content=\"Estimated reading time\" \/>\n\t<meta name=\"twitter:data1\" content=\"1 minute\" \/>\n<script type=\"application\/ld+json\" class=\"yoast-schema-graph\">{\"@context\":\"https:\\\/\\\/schema.org\",\"@graph\":[{\"@type\":\"WebPage\",\"@id\":\"https:\\\/\\\/zagoramizalasami.com\\\/galeria\\\/\",\"url\":\"https:\\\/\\\/zagoramizalasami.com\\\/galeria\\\/\",\"name\":\"Galeria: Osada w Masywie \u015anie\u017cnika | Zagoramizalasami.com\",\"isPartOf\":{\"@id\":\"https:\\\/\\\/zagoramizalasami.com\\\/#website\"},\"primaryImageOfPage\":{\"@id\":\"https:\\\/\\\/zagoramizalasami.com\\\/galeria\\\/#primaryimage\"},\"image\":{\"@id\":\"https:\\\/\\\/zagoramizalasami.com\\\/galeria\\\/#primaryimage\"},\"thumbnailUrl\":\"https:\\\/\\\/zagoramizalasami.com\\\/wp-content\\\/uploads\\\/2023\\\/05\\\/IR0A0363-scaled.jpg\",\"datePublished\":\"2021-12-20T07:27:08+00:00\",\"dateModified\":\"2025-01-21T13:34:15+00:00\",\"description\":\"Zagoramizalasami.com: Zobacz zdj\u0119cia 7 ca\u0142orocznych domk\u00f3w z widokiem na g\u00f3ry. Przytulne wn\u0119trza i malownicze krajobrazy w Masywie \u015anie\u017cnika.\",\"breadcrumb\":{\"@id\":\"https:\\\/\\\/zagoramizalasami.com\\\/galeria\\\/#breadcrumb\"},\"inLanguage\":\"en-GB\",\"potentialAction\":[{\"@type\":\"ReadAction\",\"target\":[\"https:\\\/\\\/zagoramizalasami.com\\\/galeria\\\/\"]}]},{\"@type\":\"ImageObject\",\"inLanguage\":\"en-GB\",\"@id\":\"https:\\\/\\\/zagoramizalasami.com\\\/galeria\\\/#primaryimage\",\"url\":\"https:\\\/\\\/zagoramizalasami.com\\\/wp-content\\\/uploads\\\/2023\\\/05\\\/IR0A0363-scaled.jpg\",\"contentUrl\":\"https:\\\/\\\/zagoramizalasami.com\\\/wp-content\\\/uploads\\\/2023\\\/05\\\/IR0A0363-scaled.jpg\",\"width\":1707,\"height\":2560},{\"@type\":\"BreadcrumbList\",\"@id\":\"https:\\\/\\\/zagoramizalasami.com\\\/galeria\\\/#breadcrumb\",\"itemListElement\":[{\"@type\":\"ListItem\",\"position\":1,\"name\":\"Strona g\u0142\u00f3wna\",\"item\":\"https:\\\/\\\/zagoramizalasami.com\\\/\"},{\"@type\":\"ListItem\",\"position\":2,\"name\":\"Galeria\"}]},{\"@type\":\"WebSite\",\"@id\":\"https:\\\/\\\/zagoramizalasami.com\\\/#website\",\"url\":\"https:\\\/\\\/zagoramizalasami.com\\\/\",\"name\":\"Za g\u00f3rami za lasami\",\"description\":\"Domki w g\u00f3rach na wynajem\",\"potentialAction\":[{\"@type\":\"SearchAction\",\"target\":{\"@type\":\"EntryPoint\",\"urlTemplate\":\"https:\\\/\\\/zagoramizalasami.com\\\/?s={search_term_string}\"},\"query-input\":{\"@type\":\"PropertyValueSpecification\",\"valueRequired\":true,\"valueName\":\"search_term_string\"}}],\"inLanguage\":\"en-GB\"}]}<\/script>\n<!-- \/ Yoast SEO plugin. -->","yoast_head_json":{"title":"Gallery: Settlement in the \u015anie\u017cnik Massif | Zagoramizalasami.com","description":"Zagoramizalasami.com: See photos of 7 year-round cottages with mountain views. Cozy interiors and picturesque landscapes in the \u015anie\u017cnik Massif.","robots":{"index":"index","follow":"follow","max-snippet":"max-snippet:-1","max-image-preview":"max-image-preview:large","max-video-preview":"max-video-preview:-1"},"canonical":"https:\/\/zagoramizalasami.com\/en\/galeria\/","og_locale":"en_GB","og_type":"article","og_title":"Galeria: Osada w Masywie \u015anie\u017cnika | Zagoramizalasami.com","og_description":"Zagoramizalasami.com: Zobacz zdj\u0119cia 7 ca\u0142orocznych domk\u00f3w z widokiem na g\u00f3ry. Przytulne wn\u0119trza i malownicze krajobrazy w Masywie \u015anie\u017cnika.","og_url":"https:\/\/zagoramizalasami.com\/en\/galeria\/","og_site_name":"Za g\u00f3rami za lasami","article_modified_time":"2025-01-21T13:34:15+00:00","og_image":[{"width":1707,"height":2560,"url":"https:\/\/zagoramizalasami.com\/wp-content\/uploads\/2023\/05\/IR0A0363-scaled.jpg","type":"image\/jpeg"}],"twitter_card":"summary_large_image","twitter_misc":{"Estimated reading time":"1 minute"},"schema":{"@context":"https:\/\/schema.org","@graph":[{"@type":"WebPage","@id":"https:\/\/zagoramizalasami.com\/galeria\/","url":"https:\/\/zagoramizalasami.com\/galeria\/","name":"Gallery: Settlement in the \u015anie\u017cnik Massif | Zagoramizalasami.com","isPartOf":{"@id":"https:\/\/zagoramizalasami.com\/#website"},"primaryImageOfPage":{"@id":"https:\/\/zagoramizalasami.com\/galeria\/#primaryimage"},"image":{"@id":"https:\/\/zagoramizalasami.com\/galeria\/#primaryimage"},"thumbnailUrl":"https:\/\/zagoramizalasami.com\/wp-content\/uploads\/2023\/05\/IR0A0363-scaled.jpg","datePublished":"2021-12-20T07:27:08+00:00","dateModified":"2025-01-21T13:34:15+00:00","description":"Zagoramizalasami.com: See photos of 7 year-round cottages with mountain views. Cozy interiors and picturesque landscapes in the \u015anie\u017cnik Massif.","breadcrumb":{"@id":"https:\/\/zagoramizalasami.com\/galeria\/#breadcrumb"},"inLanguage":"en-GB","potentialAction":[{"@type":"ReadAction","target":["https:\/\/zagoramizalasami.com\/galeria\/"]}]},{"@type":"ImageObject","inLanguage":"en-GB","@id":"https:\/\/zagoramizalasami.com\/galeria\/#primaryimage","url":"https:\/\/zagoramizalasami.com\/wp-content\/uploads\/2023\/05\/IR0A0363-scaled.jpg","contentUrl":"https:\/\/zagoramizalasami.com\/wp-content\/uploads\/2023\/05\/IR0A0363-scaled.jpg","width":1707,"height":2560},{"@type":"BreadcrumbList","@id":"https:\/\/zagoramizalasami.com\/galeria\/#breadcrumb","itemListElement":[{"@type":"ListItem","position":1,"name":"Strona g\u0142\u00f3wna","item":"https:\/\/zagoramizalasami.com\/"},{"@type":"ListItem","position":2,"name":"Galeria"}]},{"@type":"WebSite","@id":"https:\/\/zagoramizalasami.com\/#website","url":"https:\/\/zagoramizalasami.com\/","name":"Za g\u00f3rami za lasami","description":"Mountain cottages for rent","potentialAction":[{"@type":"SearchAction","target":{"@type":"EntryPoint","urlTemplate":"https:\/\/zagoramizalasami.com\/?s={search_term_string}"},"query-input":{"@type":"PropertyValueSpecification","valueRequired":true,"valueName":"search_term_string"}}],"inLanguage":"en-GB"}]}},"_links":{"self":[{"href":"https:\/\/zagoramizalasami.com\/en\/wp-json\/wp\/v2\/pages\/16","targetHints":{"allow":["GET"]}}],"collection":[{"href":"https:\/\/zagoramizalasami.com\/en\/wp-json\/wp\/v2\/pages"}],"about":[{"href":"https:\/\/zagoramizalasami.com\/en\/wp-json\/wp\/v2\/types\/page"}],"author":[{"embeddable":true,"href":"https:\/\/zagoramizalasami.com\/en\/wp-json\/wp\/v2\/users\/3"}],"replies":[{"embeddable":true,"href":"https:\/\/zagoramizalasami.com\/en\/wp-json\/wp\/v2\/comments?post=16"}],"version-history":[{"count":53,"href":"https:\/\/zagoramizalasami.com\/en\/wp-json\/wp\/v2\/pages\/16\/revisions"}],"predecessor-version":[{"id":1930,"href":"https:\/\/zagoramizalasami.com\/en\/wp-json\/wp\/v2\/pages\/16\/revisions\/1930"}],"wp:featuredmedia":[{"embeddable":true,"href":"https:\/\/zagoramizalasami.com\/en\/wp-json\/wp\/v2\/media\/1389"}],"wp:attachment":[{"href":"https:\/\/zagoramizalasami.com\/en\/wp-json\/wp\/v2\/media?parent=16"}],"curies":[{"name":"wp","href":"https:\/\/api.w.org\/{rel}","templated":true}]}}